{"id":884,"date":"2025-01-14T12:38:28","date_gmt":"2025-01-14T11:38:28","guid":{"rendered":"https:\/\/relaunch.comeinn-berlin.de\/imprint\/"},"modified":"2025-05-23T13:16:33","modified_gmt":"2025-05-23T11:16:33","slug":"imprint","status":"publish","type":"page","link":"https:\/\/comeinn-berlin.de\/en\/imprint\/","title":{"rendered":"Imprint"},"content":{"rendered":"\t\t<div data-elementor-type=\"wp-page\" data-elementor-id=\"884\" class=\"elementor elementor-884 elementor-9\" data-elementor-post-type=\"page\">\n\t\t\t\t<div class=\"elementor-element elementor-element-fe11bc5 e-con-full e-flex e-con e-parent\" data-id=\"fe11bc5\" data-element_type=\"container\" data-e-type=\"container\">\n\t\t<div class=\"elementor-element elementor-element-f627cb4 e-con-full e-flex e-con e-child\" data-id=\"f627cb4\" data-element_type=\"container\" data-e-type=\"container\">\n\t\t\t\t<div class=\"elementor-element elementor-element-d23613b elementor-widget elementor-widget-heading\" data-id=\"d23613b\" data-element_type=\"widget\" data-e-type=\"widget\" data-widget_type=\"heading.default\">\n\t\t\t\t<div class=\"elementor-widget-container\">\n\t\t\t\t\t<h1 class=\"elementor-heading-title elementor-size-default\">Imprint<\/h1>\t\t\t\t<\/div>\n\t\t\t\t<\/div>\n\t\t\t\t<div class=\"elementor-element elementor-element-7d1b04b elementor-widget elementor-widget-text-editor\" data-id=\"7d1b04b\" data-element_type=\"widget\" data-e-type=\"widget\" data-widget_type=\"text-editor.default\">\n\t\t\t\t<div class=\"elementor-widget-container\">\n\t\t\t\t\t\t\t\t\t<p>Andreas Sch\u00fctz<br>Come Inn Berlin Kurf\u00fcrstendamm Opera<br>Kurf\u00fcrstendamm 180<br>10709 Berlin<\/p>\n\n<h2>Contact<\/h2>\n<p>Phone: +49(0)30-887 0482-0<br>Telefax: +49(0)30-887 0482-15<br>E-mail: info@comeinn-berlin.de<\/p>\n\n<h2>VAT ID<\/h2>\n<p>Sales tax identification number according to Sect. 27 a of the Sales Tax Law:<br>DE272777081<\/p>\n\n<h2>EU dispute resolution<\/h2>\n<p>The European Commission provides a platform for online dispute resolution (ODR): <a href=\"https:\/\/ec.europa.eu\/consumers\/odr\/\" target=\"_blank\" rel=\"noopener noreferrer\">https:\/\/ec.europa.eu\/consumers\/odr\/<\/a>.<br>Our e-mail address can be found above in the site notice.<\/p>\n\n<h2>Dispute resolution proceedings in front of a consumer arbitration board<\/h2>\n<p>We are not willing or obliged to participate in dispute resolution proceedings in front of a consumer arbitration board.<\/p>\t\t\t\t\t\t\t\t<\/div>\n\t\t\t\t<\/div>\n\t\t\t\t<\/div>\n\t\t\t\t<\/div>\n\t\t\t\t<\/div>\n\t\t","protected":false},"excerpt":{"rendered":"<p>Imprint Andreas Sch\u00fctzCome Inn Berlin Kurf\u00fcrstendamm OperaKurf\u00fcrstendamm 18010709 Berlin Contact Phone: +49(0)30-887 0482-0Telefax: +49(0)30-887 0482-15E-mail: info@comeinn-berlin.de VAT ID Sales tax identification number according to Sect. 27 a of the Sales Tax Law:DE272777081 EU dispute resolution The European Commission provides a platform for online dispute resolution (ODR): https:\/\/ec.europa.eu\/consumers\/odr\/.Our e-mail address can be found above in the [&hellip;]<\/p>\n","protected":false},"author":1,"featured_media":0,"parent":0,"menu_order":0,"comment_status":"closed","ping_status":"closed","template":"","meta":{"footnotes":""},"class_list":["post-884","page","type-page","status-publish","hentry"],"yoast_head":"<!-- This site is optimized with the Yoast SEO plugin v27.1.1 - https:\/\/yoast.com\/product\/yoast-seo-wordpress\/ -->\n<title>Imprint - Come Inn Berlin<\/title>\n<meta name=\"robots\" content=\"index, follow, max-snippet:-1, max-image-preview:large, max-video-preview:-1\" \/>\n<link rel=\"canonical\" href=\"https:\/\/comeinn-berlin.de\/en\/imprint\/\" \/>\n<meta property=\"og:locale\" content=\"en_US\" \/>\n<meta property=\"og:type\" content=\"article\" \/>\n<meta property=\"og:title\" content=\"Imprint - Come Inn Berlin\" \/>\n<meta property=\"og:description\" content=\"Imprint Andreas Sch\u00fctzCome Inn Berlin Kurf\u00fcrstendamm OperaKurf\u00fcrstendamm 18010709 Berlin Contact Phone: +49(0)30-887 0482-0Telefax: +49(0)30-887 0482-15E-mail: info@comeinn-berlin.de VAT ID Sales tax identification number according to Sect. 27 a of the Sales Tax Law:DE272777081 EU dispute resolution The European Commission provides a platform for online dispute resolution (ODR): https:\/\/ec.europa.eu\/consumers\/odr\/.Our e-mail address can be found above in the [&hellip;]\" \/>\n<meta property=\"og:url\" content=\"https:\/\/comeinn-berlin.de\/en\/imprint\/\" \/>\n<meta property=\"og:site_name\" content=\"Come Inn Berlin\" \/>\n<meta property=\"article:modified_time\" content=\"2025-05-23T11:16:33+00:00\" \/>\n<meta name=\"twitter:card\" content=\"summary_large_image\" \/>\n<script type=\"application\/ld+json\" class=\"yoast-schema-graph\">{\"@context\":\"https:\/\/schema.org\",\"@graph\":[{\"@type\":\"WebPage\",\"@id\":\"https:\/\/comeinn-berlin.de\/en\/imprint\/\",\"url\":\"https:\/\/comeinn-berlin.de\/en\/imprint\/\",\"name\":\"Imprint - Come Inn Berlin\",\"isPartOf\":{\"@id\":\"https:\/\/comeinn-berlin.de\/en\/#website\"},\"datePublished\":\"2025-01-14T11:38:28+00:00\",\"dateModified\":\"2025-05-23T11:16:33+00:00\",\"breadcrumb\":{\"@id\":\"https:\/\/comeinn-berlin.de\/en\/imprint\/#breadcrumb\"},\"inLanguage\":\"en-US\",\"potentialAction\":[{\"@type\":\"ReadAction\",\"target\":[\"https:\/\/comeinn-berlin.de\/en\/imprint\/\"]}]},{\"@type\":\"BreadcrumbList\",\"@id\":\"https:\/\/comeinn-berlin.de\/en\/imprint\/#breadcrumb\",\"itemListElement\":[{\"@type\":\"ListItem\",\"position\":1,\"name\":\"Startseite\",\"item\":\"https:\/\/comeinn-berlin.de\/en\/startseite\/\"},{\"@type\":\"ListItem\",\"position\":2,\"name\":\"Imprint\"}]},{\"@type\":\"WebSite\",\"@id\":\"https:\/\/comeinn-berlin.de\/en\/#website\",\"url\":\"https:\/\/comeinn-berlin.de\/en\/\",\"name\":\"CIKOS Innenarchitektur\",\"description\":\"Mitten in Berlins City West\",\"publisher\":{\"@id\":\"https:\/\/comeinn-berlin.de\/en\/#organization\"},\"potentialAction\":[{\"@type\":\"SearchAction\",\"target\":{\"@type\":\"EntryPoint\",\"urlTemplate\":\"https:\/\/comeinn-berlin.de\/en\/?s={search_term_string}\"},\"query-input\":{\"@type\":\"PropertyValueSpecification\",\"valueRequired\":true,\"valueName\":\"search_term_string\"}}],\"inLanguage\":\"en-US\"},{\"@type\":\"Organization\",\"@id\":\"https:\/\/comeinn-berlin.de\/en\/#organization\",\"name\":\"CIKOS Innenarchitektur\",\"url\":\"https:\/\/comeinn-berlin.de\/en\/\",\"logo\":{\"@type\":\"ImageObject\",\"inLanguage\":\"en-US\",\"@id\":\"https:\/\/comeinn-berlin.de\/en\/#\/schema\/logo\/image\/\",\"url\":\"https:\/\/comeinn-berlin.de\/wp-content\/uploads\/Come-Inn.png\",\"contentUrl\":\"https:\/\/comeinn-berlin.de\/wp-content\/uploads\/Come-Inn.png\",\"width\":800,\"height\":446,\"caption\":\"CIKOS Innenarchitektur\"},\"image\":{\"@id\":\"https:\/\/comeinn-berlin.de\/en\/#\/schema\/logo\/image\/\"}}]}<\/script>\n<!-- \/ Yoast SEO plugin. -->","yoast_head_json":{"title":"Imprint - Come Inn Berlin","robots":{"index":"index","follow":"follow","max-snippet":"max-snippet:-1","max-image-preview":"max-image-preview:large","max-video-preview":"max-video-preview:-1"},"canonical":"https:\/\/comeinn-berlin.de\/en\/imprint\/","og_locale":"en_US","og_type":"article","og_title":"Imprint - Come Inn Berlin","og_description":"Imprint Andreas Sch\u00fctzCome Inn Berlin Kurf\u00fcrstendamm OperaKurf\u00fcrstendamm 18010709 Berlin Contact Phone: +49(0)30-887 0482-0Telefax: +49(0)30-887 0482-15E-mail: info@comeinn-berlin.de VAT ID Sales tax identification number according to Sect. 27 a of the Sales Tax Law:DE272777081 EU dispute resolution The European Commission provides a platform for online dispute resolution (ODR): https:\/\/ec.europa.eu\/consumers\/odr\/.Our e-mail address can be found above in the [&hellip;]","og_url":"https:\/\/comeinn-berlin.de\/en\/imprint\/","og_site_name":"Come Inn Berlin","article_modified_time":"2025-05-23T11:16:33+00:00","twitter_card":"summary_large_image","schema":{"@context":"https:\/\/schema.org","@graph":[{"@type":"WebPage","@id":"https:\/\/comeinn-berlin.de\/en\/imprint\/","url":"https:\/\/comeinn-berlin.de\/en\/imprint\/","name":"Imprint - Come Inn Berlin","isPartOf":{"@id":"https:\/\/comeinn-berlin.de\/en\/#website"},"datePublished":"2025-01-14T11:38:28+00:00","dateModified":"2025-05-23T11:16:33+00:00","breadcrumb":{"@id":"https:\/\/comeinn-berlin.de\/en\/imprint\/#breadcrumb"},"inLanguage":"en-US","potentialAction":[{"@type":"ReadAction","target":["https:\/\/comeinn-berlin.de\/en\/imprint\/"]}]},{"@type":"BreadcrumbList","@id":"https:\/\/comeinn-berlin.de\/en\/imprint\/#breadcrumb","itemListElement":[{"@type":"ListItem","position":1,"name":"Startseite","item":"https:\/\/comeinn-berlin.de\/en\/startseite\/"},{"@type":"ListItem","position":2,"name":"Imprint"}]},{"@type":"WebSite","@id":"https:\/\/comeinn-berlin.de\/en\/#website","url":"https:\/\/comeinn-berlin.de\/en\/","name":"CIKOS Innenarchitektur","description":"Mitten in Berlins City West","publisher":{"@id":"https:\/\/comeinn-berlin.de\/en\/#organization"},"potentialAction":[{"@type":"SearchAction","target":{"@type":"EntryPoint","urlTemplate":"https:\/\/comeinn-berlin.de\/en\/?s={search_term_string}"},"query-input":{"@type":"PropertyValueSpecification","valueRequired":true,"valueName":"search_term_string"}}],"inLanguage":"en-US"},{"@type":"Organization","@id":"https:\/\/comeinn-berlin.de\/en\/#organization","name":"CIKOS Innenarchitektur","url":"https:\/\/comeinn-berlin.de\/en\/","logo":{"@type":"ImageObject","inLanguage":"en-US","@id":"https:\/\/comeinn-berlin.de\/en\/#\/schema\/logo\/image\/","url":"https:\/\/comeinn-berlin.de\/wp-content\/uploads\/Come-Inn.png","contentUrl":"https:\/\/comeinn-berlin.de\/wp-content\/uploads\/Come-Inn.png","width":800,"height":446,"caption":"CIKOS Innenarchitektur"},"image":{"@id":"https:\/\/comeinn-berlin.de\/en\/#\/schema\/logo\/image\/"}}]}},"_links":{"self":[{"href":"https:\/\/comeinn-berlin.de\/en\/wp-json\/wp\/v2\/pages\/884","targetHints":{"allow":["GET"]}}],"collection":[{"href":"https:\/\/comeinn-berlin.de\/en\/wp-json\/wp\/v2\/pages"}],"about":[{"href":"https:\/\/comeinn-berlin.de\/en\/wp-json\/wp\/v2\/types\/page"}],"author":[{"embeddable":true,"href":"https:\/\/comeinn-berlin.de\/en\/wp-json\/wp\/v2\/users\/1"}],"replies":[{"embeddable":true,"href":"https:\/\/comeinn-berlin.de\/en\/wp-json\/wp\/v2\/comments?post=884"}],"version-history":[{"count":1,"href":"https:\/\/comeinn-berlin.de\/en\/wp-json\/wp\/v2\/pages\/884\/revisions"}],"predecessor-version":[{"id":885,"href":"https:\/\/comeinn-berlin.de\/en\/wp-json\/wp\/v2\/pages\/884\/revisions\/885"}],"wp:attachment":[{"href":"https:\/\/comeinn-berlin.de\/en\/wp-json\/wp\/v2\/media?parent=884"}],"curies":[{"name":"wp","href":"https:\/\/api.w.org\/{rel}","templated":true}]}}